{"id":15135,"date":"2017-11-02T13:14:53","date_gmt":"2017-11-02T12:14:53","guid":{"rendered":"http:\/\/blog.fotografiaprzyrodnicza.pl\/?page_id=15135"},"modified":"2025-05-23T14:04:58","modified_gmt":"2025-05-23T12:04:58","slug":"about-me","status":"publish","type":"page","link":"https:\/\/blog.fotografiaprzyrodnicza.pl\/en\/about-me\/","title":{"rendered":"About me"},"content":{"rendered":"\t\t<div data-elementor-type=\"wp-page\" data-elementor-id=\"15135\" class=\"elementor elementor-15135\">\n\t\t\t\t<div class=\"elementor-element elementor-element-35d0f5c e-con-full e-flex e-con e-parent\" data-id=\"35d0f5c\" data-element_type=\"container\" data-e-type=\"container\">\n\t\t\t\t<div class=\"elementor-element elementor-element-54ca1fd elementor-widget elementor-widget-yprm_banner\" data-id=\"54ca1fd\" data-element_type=\"widget\" data-e-type=\"widget\" data-widget_type=\"yprm_banner.default\">\n\t\t\t\t<div class=\"elementor-widget-container\">\n\t\t\t\t\t\t\t\t<div class=\"banner-wrapper banner-area banner-69fcad03e5d11\" style=\"--transition-speed: 2300ms;\" data-settings=\"{&quot;loop&quot;:true,&quot;speed&quot;:300,&quot;autoplay&quot;:{&quot;delay&quot;:5000,&quot;disableOnInteraction&quot;:false,&quot;pauseOnMouseEnter&quot;:true},&quot;arrows&quot;:true,&quot;dots&quot;:true,&quot;dots_position&quot;:&quot;left&quot;,&quot;animation&quot;:&quot;&quot;}\">\r\n\t\t\t\t\t\t\t\t\t\t\t\t\t\t\t\t\r\n\t\t\t\t<div class=\"banner banner-items banner-69fcad03e5d1e fixed-height arrows-right-bottom pagination-left\" id=\"banner-69fcad03e5d1f\">\r\n          <div class=\"swiper\">\r\n            <div class=\"swiper-wrapper\">\r\n                    <div class=\"item swiper-slide item-banner banner-item-69fcad03e5d9d elementor-repeater-item-8b22458 tal with-shadow inherit\">\r\n        <div class=\"bg-image\" style=\"background-image: url(https:\/\/blog.fotografiaprzyrodnicza.pl\/wp-content\/uploads\/2025\/05\/ja-tlo-1.jpg)\"><\/div>\r\n                  \n    <div class=\"bg-overlay\">\n          <\/div>\n\n                            <div class=\"container\">\r\n          <div class=\"cell bottom\">\r\n\t\t\t\t\t\t\t\t\t\t\t\t\t<div class=\"heading\">\r\n\t\t\t\t\t\t\t\t\t\t\t\t\t\t\t\t<h1 class=\"h\">\r\n\t\t\t\t\t\t\t\t\tAbout me\t\t\t\t\t\t\t\t<\/h1>\r\n\t\t\t\t\t\t\t<\/div>\r\n\t\t\t\t\t\t\t\t\t\t\t\t\t\t\t\t\t\t\t<div class=\"text\">Micha\u0142 Ludwiczak (1976) - I am a husband, father and for for over 25 years a photography enthusiast. Since 2005, my interests have focused mainly on photographing nature, which resulted in membership in the Association of Polish Nature Photographers. Ever since joining the organization, I have been trying to be outdoors as much as possible and photograph various subjects. For over 25 years, I have gathered experience that I would like to share with you - maybe someone will find my comments and ideas useful. I do not want to write what you will find in books and articles - there is no need to duplicate this information. However, I would like to share my personal experiences and thoughts on the subject of photography.<\/div>\r\n\t\t\t\t\t    \t\t\t\t\t    \t\t\t\t\t\t\t\t\t\t\t<\/div>\r\n\t\t\t\t<\/div>\r\n\t\t\t<\/div>\r\n\t\t            <\/div>\r\n          <\/div>\r\n          \r\n          <div class=\"owl-nav\"><div class=\"owl-prev basic-ui-icon-left-arrow\"><\/div><div class=\"owl-next basic-ui-icon-right-arrow\"><\/div><\/div>\r\n          <div class=\"owl-dots\"><\/div>          \r\n\t\t\t\t<\/div>\r\n\r\n\t\t\t<\/div>\r\n\t\t\t\t\t\t<\/div>\n\t\t\t\t<\/div>\n\t\t\t\t<\/div>\n\t\t\t\t<\/div>\n\t\t","protected":false},"excerpt":{"rendered":"<p>About me Micha\u0142 Ludwiczak (1976) &#8211; I am a husband, father and for for over 25 years a photography enthusiast. Since 2005, my interests have focused mainly on photographing nature, which resulted in membership in the Association of Polish Nature Photographers. Ever since joining the organization, I have been trying to be outdoors as much [&hellip;]<\/p>\n","protected":false},"author":1,"featured_media":11371,"parent":0,"menu_order":0,"comment_status":"closed","ping_status":"closed","template":"template-landing.php","meta":{"_acf_changed":false,"footnotes":""},"class_list":["post-15135","page","type-page","status-publish","has-post-thumbnail","hentry"],"acf":[],"yoast_head":"<!-- This site is optimized with the Yoast SEO plugin v27.5 - https:\/\/yoast.com\/product\/yoast-seo-wordpress\/ -->\n<title>About me - Blog.fotografiaprzyrodnicza.pl<\/title>\n<meta name=\"robots\" content=\"index, follow, max-snippet:-1, max-image-preview:large, max-video-preview:-1\" \/>\n<link rel=\"canonical\" href=\"https:\/\/blog.fotografiaprzyrodnicza.pl\/en\/about-me\/\" \/>\n<meta property=\"og:locale\" content=\"en_US\" \/>\n<meta property=\"og:type\" content=\"article\" \/>\n<meta property=\"og:title\" content=\"About me - Blog.fotografiaprzyrodnicza.pl\" \/>\n<meta property=\"og:description\" content=\"About me Micha\u0142 Ludwiczak (1976) &#8211; I am a husband, father and for for over 25 years a photography enthusiast. Since 2005, my interests have focused mainly on photographing nature, which resulted in membership in the Association of Polish Nature Photographers. Ever since joining the organization, I have been trying to be outdoors as much [&hellip;]\" \/>\n<meta property=\"og:url\" content=\"https:\/\/blog.fotografiaprzyrodnicza.pl\/en\/about-me\/\" \/>\n<meta property=\"og:site_name\" content=\"Blog.fotografiaprzyrodnicza.pl\" \/>\n<meta property=\"article:modified_time\" content=\"2025-05-23T12:04:58+00:00\" \/>\n<meta property=\"og:image\" content=\"https:\/\/blog.fotografiaprzyrodnicza.pl\/wp-content\/uploads\/2019\/08\/20151209-DSC_3021-e1589290826532.jpg\" \/>\n\t<meta property=\"og:image:width\" content=\"1276\" \/>\n\t<meta property=\"og:image:height\" content=\"1252\" \/>\n\t<meta property=\"og:image:type\" content=\"image\/jpeg\" \/>\n<meta name=\"twitter:card\" content=\"summary_large_image\" \/>\n<meta name=\"twitter:label1\" content=\"Est. reading time\" \/>\n\t<meta name=\"twitter:data1\" content=\"1 minute\" \/>\n<script type=\"application\/ld+json\" class=\"yoast-schema-graph\">{\"@context\":\"https:\\\/\\\/schema.org\",\"@graph\":[{\"@type\":\"WebPage\",\"@id\":\"https:\\\/\\\/blog.fotografiaprzyrodnicza.pl\\\/en\\\/about-me\\\/\",\"url\":\"https:\\\/\\\/blog.fotografiaprzyrodnicza.pl\\\/en\\\/about-me\\\/\",\"name\":\"About me - Blog.fotografiaprzyrodnicza.pl\",\"isPartOf\":{\"@id\":\"https:\\\/\\\/blog.fotografiaprzyrodnicza.pl\\\/en\\\/#website\"},\"primaryImageOfPage\":{\"@id\":\"https:\\\/\\\/blog.fotografiaprzyrodnicza.pl\\\/en\\\/about-me\\\/#primaryimage\"},\"image\":{\"@id\":\"https:\\\/\\\/blog.fotografiaprzyrodnicza.pl\\\/en\\\/about-me\\\/#primaryimage\"},\"thumbnailUrl\":\"https:\\\/\\\/blog.fotografiaprzyrodnicza.pl\\\/wp-content\\\/uploads\\\/2019\\\/08\\\/20151209-DSC_3021-e1589290826532.jpg\",\"datePublished\":\"2017-11-02T12:14:53+00:00\",\"dateModified\":\"2025-05-23T12:04:58+00:00\",\"breadcrumb\":{\"@id\":\"https:\\\/\\\/blog.fotografiaprzyrodnicza.pl\\\/en\\\/about-me\\\/#breadcrumb\"},\"inLanguage\":\"en-US\",\"potentialAction\":[{\"@type\":\"ReadAction\",\"target\":[\"https:\\\/\\\/blog.fotografiaprzyrodnicza.pl\\\/en\\\/about-me\\\/\"]}]},{\"@type\":\"ImageObject\",\"inLanguage\":\"en-US\",\"@id\":\"https:\\\/\\\/blog.fotografiaprzyrodnicza.pl\\\/en\\\/about-me\\\/#primaryimage\",\"url\":\"https:\\\/\\\/blog.fotografiaprzyrodnicza.pl\\\/wp-content\\\/uploads\\\/2019\\\/08\\\/20151209-DSC_3021-e1589290826532.jpg\",\"contentUrl\":\"https:\\\/\\\/blog.fotografiaprzyrodnicza.pl\\\/wp-content\\\/uploads\\\/2019\\\/08\\\/20151209-DSC_3021-e1589290826532.jpg\",\"width\":1276,\"height\":1252},{\"@type\":\"BreadcrumbList\",\"@id\":\"https:\\\/\\\/blog.fotografiaprzyrodnicza.pl\\\/en\\\/about-me\\\/#breadcrumb\",\"itemListElement\":[{\"@type\":\"ListItem\",\"position\":1,\"name\":\"Strona g\u0142\u00f3wna\",\"item\":\"https:\\\/\\\/blog.fotografiaprzyrodnicza.pl\\\/en\\\/\"},{\"@type\":\"ListItem\",\"position\":2,\"name\":\"About me\"}]},{\"@type\":\"WebSite\",\"@id\":\"https:\\\/\\\/blog.fotografiaprzyrodnicza.pl\\\/en\\\/#website\",\"url\":\"https:\\\/\\\/blog.fotografiaprzyrodnicza.pl\\\/en\\\/\",\"name\":\"blog.fotografiaprzyrodnicza.pl\",\"description\":\"Fotografia przyrodnicza to pi\u0119kna pasja. Dlatego chcia\u0142bym si\u0119 podzieli\u0107 przemy\u015bleniami, do\u015bwiadczeniami, zdj\u0119ciami.\",\"publisher\":{\"@id\":\"https:\\\/\\\/blog.fotografiaprzyrodnicza.pl\\\/en\\\/#\\\/schema\\\/person\\\/9a1a2c16d3aea6cc29ce162538ab9c55\"},\"alternateName\":\"blog.fotografiaprzyrodnicza.pl\",\"potentialAction\":[{\"@type\":\"SearchAction\",\"target\":{\"@type\":\"EntryPoint\",\"urlTemplate\":\"https:\\\/\\\/blog.fotografiaprzyrodnicza.pl\\\/en\\\/?s={search_term_string}\"},\"query-input\":{\"@type\":\"PropertyValueSpecification\",\"valueRequired\":true,\"valueName\":\"search_term_string\"}}],\"inLanguage\":\"en-US\"},{\"@type\":[\"Person\",\"Organization\"],\"@id\":\"https:\\\/\\\/blog.fotografiaprzyrodnicza.pl\\\/en\\\/#\\\/schema\\\/person\\\/9a1a2c16d3aea6cc29ce162538ab9c55\",\"name\":\"Micha\u0142 Ludwiczak\",\"image\":{\"@type\":\"ImageObject\",\"inLanguage\":\"en-US\",\"@id\":\"https:\\\/\\\/blog.fotografiaprzyrodnicza.pl\\\/wp-content\\\/uploads\\\/2019\\\/08\\\/20151209-DSC_3021-e1589290826532.jpg\",\"url\":\"https:\\\/\\\/blog.fotografiaprzyrodnicza.pl\\\/wp-content\\\/uploads\\\/2019\\\/08\\\/20151209-DSC_3021-e1589290826532.jpg\",\"contentUrl\":\"https:\\\/\\\/blog.fotografiaprzyrodnicza.pl\\\/wp-content\\\/uploads\\\/2019\\\/08\\\/20151209-DSC_3021-e1589290826532.jpg\",\"width\":1276,\"height\":1252,\"caption\":\"Micha\u0142 Ludwiczak\"},\"logo\":{\"@id\":\"https:\\\/\\\/blog.fotografiaprzyrodnicza.pl\\\/wp-content\\\/uploads\\\/2019\\\/08\\\/20151209-DSC_3021-e1589290826532.jpg\"},\"sameAs\":[\"http:\\\/\\\/www.fotografiaprzyrodnicza.pl\"]}]}<\/script>\n<!-- \/ Yoast SEO plugin. -->","yoast_head_json":{"title":"About me - Blog.fotografiaprzyrodnicza.pl","robots":{"index":"index","follow":"follow","max-snippet":"max-snippet:-1","max-image-preview":"max-image-preview:large","max-video-preview":"max-video-preview:-1"},"canonical":"https:\/\/blog.fotografiaprzyrodnicza.pl\/en\/about-me\/","og_locale":"en_US","og_type":"article","og_title":"About me - Blog.fotografiaprzyrodnicza.pl","og_description":"About me Micha\u0142 Ludwiczak (1976) &#8211; I am a husband, father and for for over 25 years a photography enthusiast. Since 2005, my interests have focused mainly on photographing nature, which resulted in membership in the Association of Polish Nature Photographers. Ever since joining the organization, I have been trying to be outdoors as much [&hellip;]","og_url":"https:\/\/blog.fotografiaprzyrodnicza.pl\/en\/about-me\/","og_site_name":"Blog.fotografiaprzyrodnicza.pl","article_modified_time":"2025-05-23T12:04:58+00:00","og_image":[{"width":1276,"height":1252,"url":"https:\/\/blog.fotografiaprzyrodnicza.pl\/wp-content\/uploads\/2019\/08\/20151209-DSC_3021-e1589290826532.jpg","type":"image\/jpeg"}],"twitter_card":"summary_large_image","twitter_misc":{"Est. reading time":"1 minute"},"schema":{"@context":"https:\/\/schema.org","@graph":[{"@type":"WebPage","@id":"https:\/\/blog.fotografiaprzyrodnicza.pl\/en\/about-me\/","url":"https:\/\/blog.fotografiaprzyrodnicza.pl\/en\/about-me\/","name":"About me - Blog.fotografiaprzyrodnicza.pl","isPartOf":{"@id":"https:\/\/blog.fotografiaprzyrodnicza.pl\/en\/#website"},"primaryImageOfPage":{"@id":"https:\/\/blog.fotografiaprzyrodnicza.pl\/en\/about-me\/#primaryimage"},"image":{"@id":"https:\/\/blog.fotografiaprzyrodnicza.pl\/en\/about-me\/#primaryimage"},"thumbnailUrl":"https:\/\/blog.fotografiaprzyrodnicza.pl\/wp-content\/uploads\/2019\/08\/20151209-DSC_3021-e1589290826532.jpg","datePublished":"2017-11-02T12:14:53+00:00","dateModified":"2025-05-23T12:04:58+00:00","breadcrumb":{"@id":"https:\/\/blog.fotografiaprzyrodnicza.pl\/en\/about-me\/#breadcrumb"},"inLanguage":"en-US","potentialAction":[{"@type":"ReadAction","target":["https:\/\/blog.fotografiaprzyrodnicza.pl\/en\/about-me\/"]}]},{"@type":"ImageObject","inLanguage":"en-US","@id":"https:\/\/blog.fotografiaprzyrodnicza.pl\/en\/about-me\/#primaryimage","url":"https:\/\/blog.fotografiaprzyrodnicza.pl\/wp-content\/uploads\/2019\/08\/20151209-DSC_3021-e1589290826532.jpg","contentUrl":"https:\/\/blog.fotografiaprzyrodnicza.pl\/wp-content\/uploads\/2019\/08\/20151209-DSC_3021-e1589290826532.jpg","width":1276,"height":1252},{"@type":"BreadcrumbList","@id":"https:\/\/blog.fotografiaprzyrodnicza.pl\/en\/about-me\/#breadcrumb","itemListElement":[{"@type":"ListItem","position":1,"name":"Strona g\u0142\u00f3wna","item":"https:\/\/blog.fotografiaprzyrodnicza.pl\/en\/"},{"@type":"ListItem","position":2,"name":"About me"}]},{"@type":"WebSite","@id":"https:\/\/blog.fotografiaprzyrodnicza.pl\/en\/#website","url":"https:\/\/blog.fotografiaprzyrodnicza.pl\/en\/","name":"blog.fotografiaprzyrodnicza.pl","description":"Fotografia przyrodnicza to pi\u0119kna pasja. Dlatego chcia\u0142bym si\u0119 podzieli\u0107 przemy\u015bleniami, do\u015bwiadczeniami, zdj\u0119ciami.","publisher":{"@id":"https:\/\/blog.fotografiaprzyrodnicza.pl\/en\/#\/schema\/person\/9a1a2c16d3aea6cc29ce162538ab9c55"},"alternateName":"blog.fotografiaprzyrodnicza.pl","potentialAction":[{"@type":"SearchAction","target":{"@type":"EntryPoint","urlTemplate":"https:\/\/blog.fotografiaprzyrodnicza.pl\/en\/?s={search_term_string}"},"query-input":{"@type":"PropertyValueSpecification","valueRequired":true,"valueName":"search_term_string"}}],"inLanguage":"en-US"},{"@type":["Person","Organization"],"@id":"https:\/\/blog.fotografiaprzyrodnicza.pl\/en\/#\/schema\/person\/9a1a2c16d3aea6cc29ce162538ab9c55","name":"Micha\u0142 Ludwiczak","image":{"@type":"ImageObject","inLanguage":"en-US","@id":"https:\/\/blog.fotografiaprzyrodnicza.pl\/wp-content\/uploads\/2019\/08\/20151209-DSC_3021-e1589290826532.jpg","url":"https:\/\/blog.fotografiaprzyrodnicza.pl\/wp-content\/uploads\/2019\/08\/20151209-DSC_3021-e1589290826532.jpg","contentUrl":"https:\/\/blog.fotografiaprzyrodnicza.pl\/wp-content\/uploads\/2019\/08\/20151209-DSC_3021-e1589290826532.jpg","width":1276,"height":1252,"caption":"Micha\u0142 Ludwiczak"},"logo":{"@id":"https:\/\/blog.fotografiaprzyrodnicza.pl\/wp-content\/uploads\/2019\/08\/20151209-DSC_3021-e1589290826532.jpg"},"sameAs":["http:\/\/www.fotografiaprzyrodnicza.pl"]}]}},"jetpack_sharing_enabled":true,"_links":{"self":[{"href":"https:\/\/blog.fotografiaprzyrodnicza.pl\/en\/wp-json\/wp\/v2\/pages\/15135","targetHints":{"allow":["GET"]}}],"collection":[{"href":"https:\/\/blog.fotografiaprzyrodnicza.pl\/en\/wp-json\/wp\/v2\/pages"}],"about":[{"href":"https:\/\/blog.fotografiaprzyrodnicza.pl\/en\/wp-json\/wp\/v2\/types\/page"}],"author":[{"embeddable":true,"href":"https:\/\/blog.fotografiaprzyrodnicza.pl\/en\/wp-json\/wp\/v2\/users\/1"}],"replies":[{"embeddable":true,"href":"https:\/\/blog.fotografiaprzyrodnicza.pl\/en\/wp-json\/wp\/v2\/comments?post=15135"}],"version-history":[{"count":6,"href":"https:\/\/blog.fotografiaprzyrodnicza.pl\/en\/wp-json\/wp\/v2\/pages\/15135\/revisions"}],"predecessor-version":[{"id":19517,"href":"https:\/\/blog.fotografiaprzyrodnicza.pl\/en\/wp-json\/wp\/v2\/pages\/15135\/revisions\/19517"}],"wp:featuredmedia":[{"embeddable":true,"href":"https:\/\/blog.fotografiaprzyrodnicza.pl\/en\/wp-json\/wp\/v2\/media\/11371"}],"wp:attachment":[{"href":"https:\/\/blog.fotografiaprzyrodnicza.pl\/en\/wp-json\/wp\/v2\/media?parent=15135"}],"curies":[{"name":"wp","href":"https:\/\/api.w.org\/{rel}","templated":true}]}}