{"id":15133,"date":"2020-11-06T16:08:14","date_gmt":"2020-11-06T15:08:14","guid":{"rendered":"http:\/\/blog.fotografiaprzyrodnicza.pl\/?page_id=15133"},"modified":"2025-05-23T14:40:45","modified_gmt":"2025-05-23T12:40:45","slug":"moje-granie-na-gitarze","status":"publish","type":"page","link":"https:\/\/blog.fotografiaprzyrodnicza.pl\/en\/moje-granie-na-gitarze\/","title":{"rendered":"My guitar"},"content":{"rendered":"\n<p>I sometimes like to play the guitar and thus some of recordings I&#8217;ve made.<\/p>\n\n\n\n<p>I Wanna Know What Love Is<\/p>\n\n\n\n<figure class=\"wp-block-audio\"><audio controls src=\"https:\/\/blog.fotografiaprzyrodnicza.pl\/wp-content\/uploads\/2024\/04\/I-Wanna-Know-What-Love-Is.mp3\"><\/audio><\/figure>\n\n\n\n<p>Last Christmas<\/p>\n\n\n\n<figure class=\"wp-block-audio\"><audio controls src=\"https:\/\/blog.fotografiaprzyrodnicza.pl\/wp-content\/uploads\/2020\/12\/Last-Christamas-20201221.mp3\"><\/audio><\/figure>\n\n\n\n<p>Feliz Navidad<\/p>\n\n\n\n<figure class=\"wp-block-audio\"><audio controls src=\"https:\/\/blog.fotografiaprzyrodnicza.pl\/wp-content\/uploads\/2020\/12\/Feliz-navidad-20201204.mp3\"><\/audio><figcaption class=\"wp-element-caption\">Shallow<\/figcaption><\/figure>\n\n\n\n<figure class=\"wp-block-audio\"><audio controls src=\"https:\/\/blog.fotografiaprzyrodnicza.pl\/wp-content\/uploads\/2020\/11\/Shallow-wersja-20200526.mp3\"><\/audio><figcaption class=\"wp-element-caption\">Right Here Waiting<\/figcaption><\/figure>\n\n\n\n<figure class=\"wp-block-audio\"><audio controls src=\"https:\/\/blog.fotografiaprzyrodnicza.pl\/wp-content\/uploads\/2020\/11\/Right-Here-Waiting-20201106.mp3\"><\/audio><\/figure>\n","protected":false},"excerpt":{"rendered":"<p>I sometimes like to play the guitar and thus some of recordings I&#8217;ve made. I Wanna Know What Love Is Last Christmas Feliz Navidad<\/p>\n","protected":false},"author":1,"featured_media":13701,"parent":0,"menu_order":0,"comment_status":"closed","ping_status":"closed","template":"","meta":{"_acf_changed":false,"footnotes":""},"class_list":["post-15133","page","type-page","status-publish","has-post-thumbnail","hentry"],"acf":[],"yoast_head":"<!-- This site is optimized with the Yoast SEO plugin v27.4 - https:\/\/yoast.com\/product\/yoast-seo-wordpress\/ -->\n<title>My guitar - Blog.fotografiaprzyrodnicza.pl<\/title>\n<meta name=\"robots\" content=\"index, follow, max-snippet:-1, max-image-preview:large, max-video-preview:-1\" \/>\n<link rel=\"canonical\" href=\"https:\/\/blog.fotografiaprzyrodnicza.pl\/en\/moje-granie-na-gitarze\/\" \/>\n<meta property=\"og:locale\" content=\"en_US\" \/>\n<meta property=\"og:type\" content=\"article\" \/>\n<meta property=\"og:title\" content=\"My guitar - Blog.fotografiaprzyrodnicza.pl\" \/>\n<meta property=\"og:description\" content=\"I sometimes like to play the guitar and thus some of recordings I&#8217;ve made. I Wanna Know What Love Is Last Christmas Feliz Navidad\" \/>\n<meta property=\"og:url\" content=\"https:\/\/blog.fotografiaprzyrodnicza.pl\/en\/moje-granie-na-gitarze\/\" \/>\n<meta property=\"og:site_name\" content=\"Blog.fotografiaprzyrodnicza.pl\" \/>\n<meta property=\"article:modified_time\" content=\"2025-05-23T12:40:45+00:00\" \/>\n<meta property=\"og:image\" content=\"https:\/\/blog.fotografiaprzyrodnicza.pl\/wp-content\/uploads\/2020\/11\/20201106_161135.jpg\" \/>\n\t<meta property=\"og:image:width\" content=\"2222\" \/>\n\t<meta property=\"og:image:height\" content=\"1080\" \/>\n\t<meta property=\"og:image:type\" content=\"image\/jpeg\" \/>\n<meta name=\"twitter:card\" content=\"summary_large_image\" \/>\n<meta name=\"twitter:label1\" content=\"Est. reading time\" \/>\n\t<meta name=\"twitter:data1\" content=\"1 minute\" \/>\n<script type=\"application\/ld+json\" class=\"yoast-schema-graph\">{\"@context\":\"https:\\\/\\\/schema.org\",\"@graph\":[{\"@type\":\"WebPage\",\"@id\":\"https:\\\/\\\/blog.fotografiaprzyrodnicza.pl\\\/en\\\/moje-granie-na-gitarze\\\/\",\"url\":\"https:\\\/\\\/blog.fotografiaprzyrodnicza.pl\\\/en\\\/moje-granie-na-gitarze\\\/\",\"name\":\"My guitar - Blog.fotografiaprzyrodnicza.pl\",\"isPartOf\":{\"@id\":\"https:\\\/\\\/blog.fotografiaprzyrodnicza.pl\\\/en\\\/#website\"},\"primaryImageOfPage\":{\"@id\":\"https:\\\/\\\/blog.fotografiaprzyrodnicza.pl\\\/en\\\/moje-granie-na-gitarze\\\/#primaryimage\"},\"image\":{\"@id\":\"https:\\\/\\\/blog.fotografiaprzyrodnicza.pl\\\/en\\\/moje-granie-na-gitarze\\\/#primaryimage\"},\"thumbnailUrl\":\"https:\\\/\\\/blog.fotografiaprzyrodnicza.pl\\\/wp-content\\\/uploads\\\/2020\\\/11\\\/20201106_161135.jpg\",\"datePublished\":\"2020-11-06T15:08:14+00:00\",\"dateModified\":\"2025-05-23T12:40:45+00:00\",\"breadcrumb\":{\"@id\":\"https:\\\/\\\/blog.fotografiaprzyrodnicza.pl\\\/en\\\/moje-granie-na-gitarze\\\/#breadcrumb\"},\"inLanguage\":\"en-US\",\"potentialAction\":[{\"@type\":\"ReadAction\",\"target\":[\"https:\\\/\\\/blog.fotografiaprzyrodnicza.pl\\\/en\\\/moje-granie-na-gitarze\\\/\"]}]},{\"@type\":\"ImageObject\",\"inLanguage\":\"en-US\",\"@id\":\"https:\\\/\\\/blog.fotografiaprzyrodnicza.pl\\\/en\\\/moje-granie-na-gitarze\\\/#primaryimage\",\"url\":\"https:\\\/\\\/blog.fotografiaprzyrodnicza.pl\\\/wp-content\\\/uploads\\\/2020\\\/11\\\/20201106_161135.jpg\",\"contentUrl\":\"https:\\\/\\\/blog.fotografiaprzyrodnicza.pl\\\/wp-content\\\/uploads\\\/2020\\\/11\\\/20201106_161135.jpg\",\"width\":2222,\"height\":1080},{\"@type\":\"BreadcrumbList\",\"@id\":\"https:\\\/\\\/blog.fotografiaprzyrodnicza.pl\\\/en\\\/moje-granie-na-gitarze\\\/#breadcrumb\",\"itemListElement\":[{\"@type\":\"ListItem\",\"position\":1,\"name\":\"Strona g\u0142\u00f3wna\",\"item\":\"https:\\\/\\\/blog.fotografiaprzyrodnicza.pl\\\/en\\\/\"},{\"@type\":\"ListItem\",\"position\":2,\"name\":\"My guitar\"}]},{\"@type\":\"WebSite\",\"@id\":\"https:\\\/\\\/blog.fotografiaprzyrodnicza.pl\\\/en\\\/#website\",\"url\":\"https:\\\/\\\/blog.fotografiaprzyrodnicza.pl\\\/en\\\/\",\"name\":\"blog.fotografiaprzyrodnicza.pl\",\"description\":\"Fotografia przyrodnicza to pi\u0119kna pasja. Dlatego chcia\u0142bym si\u0119 podzieli\u0107 przemy\u015bleniami, do\u015bwiadczeniami, zdj\u0119ciami.\",\"publisher\":{\"@id\":\"https:\\\/\\\/blog.fotografiaprzyrodnicza.pl\\\/en\\\/#\\\/schema\\\/person\\\/9a1a2c16d3aea6cc29ce162538ab9c55\"},\"alternateName\":\"blog.fotografiaprzyrodnicza.pl\",\"potentialAction\":[{\"@type\":\"SearchAction\",\"target\":{\"@type\":\"EntryPoint\",\"urlTemplate\":\"https:\\\/\\\/blog.fotografiaprzyrodnicza.pl\\\/en\\\/?s={search_term_string}\"},\"query-input\":{\"@type\":\"PropertyValueSpecification\",\"valueRequired\":true,\"valueName\":\"search_term_string\"}}],\"inLanguage\":\"en-US\"},{\"@type\":[\"Person\",\"Organization\"],\"@id\":\"https:\\\/\\\/blog.fotografiaprzyrodnicza.pl\\\/en\\\/#\\\/schema\\\/person\\\/9a1a2c16d3aea6cc29ce162538ab9c55\",\"name\":\"Micha\u0142 Ludwiczak\",\"image\":{\"@type\":\"ImageObject\",\"inLanguage\":\"en-US\",\"@id\":\"https:\\\/\\\/blog.fotografiaprzyrodnicza.pl\\\/wp-content\\\/uploads\\\/2019\\\/08\\\/20151209-DSC_3021-e1589290826532.jpg\",\"url\":\"https:\\\/\\\/blog.fotografiaprzyrodnicza.pl\\\/wp-content\\\/uploads\\\/2019\\\/08\\\/20151209-DSC_3021-e1589290826532.jpg\",\"contentUrl\":\"https:\\\/\\\/blog.fotografiaprzyrodnicza.pl\\\/wp-content\\\/uploads\\\/2019\\\/08\\\/20151209-DSC_3021-e1589290826532.jpg\",\"width\":1276,\"height\":1252,\"caption\":\"Micha\u0142 Ludwiczak\"},\"logo\":{\"@id\":\"https:\\\/\\\/blog.fotografiaprzyrodnicza.pl\\\/wp-content\\\/uploads\\\/2019\\\/08\\\/20151209-DSC_3021-e1589290826532.jpg\"},\"sameAs\":[\"http:\\\/\\\/www.fotografiaprzyrodnicza.pl\"]}]}<\/script>\n<!-- \/ Yoast SEO plugin. -->","yoast_head_json":{"title":"My guitar - Blog.fotografiaprzyrodnicza.pl","robots":{"index":"index","follow":"follow","max-snippet":"max-snippet:-1","max-image-preview":"max-image-preview:large","max-video-preview":"max-video-preview:-1"},"canonical":"https:\/\/blog.fotografiaprzyrodnicza.pl\/en\/moje-granie-na-gitarze\/","og_locale":"en_US","og_type":"article","og_title":"My guitar - Blog.fotografiaprzyrodnicza.pl","og_description":"I sometimes like to play the guitar and thus some of recordings I&#8217;ve made. I Wanna Know What Love Is Last Christmas Feliz Navidad","og_url":"https:\/\/blog.fotografiaprzyrodnicza.pl\/en\/moje-granie-na-gitarze\/","og_site_name":"Blog.fotografiaprzyrodnicza.pl","article_modified_time":"2025-05-23T12:40:45+00:00","og_image":[{"width":2222,"height":1080,"url":"https:\/\/blog.fotografiaprzyrodnicza.pl\/wp-content\/uploads\/2020\/11\/20201106_161135.jpg","type":"image\/jpeg"}],"twitter_card":"summary_large_image","twitter_misc":{"Est. reading time":"1 minute"},"schema":{"@context":"https:\/\/schema.org","@graph":[{"@type":"WebPage","@id":"https:\/\/blog.fotografiaprzyrodnicza.pl\/en\/moje-granie-na-gitarze\/","url":"https:\/\/blog.fotografiaprzyrodnicza.pl\/en\/moje-granie-na-gitarze\/","name":"My guitar - Blog.fotografiaprzyrodnicza.pl","isPartOf":{"@id":"https:\/\/blog.fotografiaprzyrodnicza.pl\/en\/#website"},"primaryImageOfPage":{"@id":"https:\/\/blog.fotografiaprzyrodnicza.pl\/en\/moje-granie-na-gitarze\/#primaryimage"},"image":{"@id":"https:\/\/blog.fotografiaprzyrodnicza.pl\/en\/moje-granie-na-gitarze\/#primaryimage"},"thumbnailUrl":"https:\/\/blog.fotografiaprzyrodnicza.pl\/wp-content\/uploads\/2020\/11\/20201106_161135.jpg","datePublished":"2020-11-06T15:08:14+00:00","dateModified":"2025-05-23T12:40:45+00:00","breadcrumb":{"@id":"https:\/\/blog.fotografiaprzyrodnicza.pl\/en\/moje-granie-na-gitarze\/#breadcrumb"},"inLanguage":"en-US","potentialAction":[{"@type":"ReadAction","target":["https:\/\/blog.fotografiaprzyrodnicza.pl\/en\/moje-granie-na-gitarze\/"]}]},{"@type":"ImageObject","inLanguage":"en-US","@id":"https:\/\/blog.fotografiaprzyrodnicza.pl\/en\/moje-granie-na-gitarze\/#primaryimage","url":"https:\/\/blog.fotografiaprzyrodnicza.pl\/wp-content\/uploads\/2020\/11\/20201106_161135.jpg","contentUrl":"https:\/\/blog.fotografiaprzyrodnicza.pl\/wp-content\/uploads\/2020\/11\/20201106_161135.jpg","width":2222,"height":1080},{"@type":"BreadcrumbList","@id":"https:\/\/blog.fotografiaprzyrodnicza.pl\/en\/moje-granie-na-gitarze\/#breadcrumb","itemListElement":[{"@type":"ListItem","position":1,"name":"Strona g\u0142\u00f3wna","item":"https:\/\/blog.fotografiaprzyrodnicza.pl\/en\/"},{"@type":"ListItem","position":2,"name":"My guitar"}]},{"@type":"WebSite","@id":"https:\/\/blog.fotografiaprzyrodnicza.pl\/en\/#website","url":"https:\/\/blog.fotografiaprzyrodnicza.pl\/en\/","name":"blog.fotografiaprzyrodnicza.pl","description":"Fotografia przyrodnicza to pi\u0119kna pasja. Dlatego chcia\u0142bym si\u0119 podzieli\u0107 przemy\u015bleniami, do\u015bwiadczeniami, zdj\u0119ciami.","publisher":{"@id":"https:\/\/blog.fotografiaprzyrodnicza.pl\/en\/#\/schema\/person\/9a1a2c16d3aea6cc29ce162538ab9c55"},"alternateName":"blog.fotografiaprzyrodnicza.pl","potentialAction":[{"@type":"SearchAction","target":{"@type":"EntryPoint","urlTemplate":"https:\/\/blog.fotografiaprzyrodnicza.pl\/en\/?s={search_term_string}"},"query-input":{"@type":"PropertyValueSpecification","valueRequired":true,"valueName":"search_term_string"}}],"inLanguage":"en-US"},{"@type":["Person","Organization"],"@id":"https:\/\/blog.fotografiaprzyrodnicza.pl\/en\/#\/schema\/person\/9a1a2c16d3aea6cc29ce162538ab9c55","name":"Micha\u0142 Ludwiczak","image":{"@type":"ImageObject","inLanguage":"en-US","@id":"https:\/\/blog.fotografiaprzyrodnicza.pl\/wp-content\/uploads\/2019\/08\/20151209-DSC_3021-e1589290826532.jpg","url":"https:\/\/blog.fotografiaprzyrodnicza.pl\/wp-content\/uploads\/2019\/08\/20151209-DSC_3021-e1589290826532.jpg","contentUrl":"https:\/\/blog.fotografiaprzyrodnicza.pl\/wp-content\/uploads\/2019\/08\/20151209-DSC_3021-e1589290826532.jpg","width":1276,"height":1252,"caption":"Micha\u0142 Ludwiczak"},"logo":{"@id":"https:\/\/blog.fotografiaprzyrodnicza.pl\/wp-content\/uploads\/2019\/08\/20151209-DSC_3021-e1589290826532.jpg"},"sameAs":["http:\/\/www.fotografiaprzyrodnicza.pl"]}]}},"jetpack_sharing_enabled":true,"_links":{"self":[{"href":"https:\/\/blog.fotografiaprzyrodnicza.pl\/en\/wp-json\/wp\/v2\/pages\/15133","targetHints":{"allow":["GET"]}}],"collection":[{"href":"https:\/\/blog.fotografiaprzyrodnicza.pl\/en\/wp-json\/wp\/v2\/pages"}],"about":[{"href":"https:\/\/blog.fotografiaprzyrodnicza.pl\/en\/wp-json\/wp\/v2\/types\/page"}],"author":[{"embeddable":true,"href":"https:\/\/blog.fotografiaprzyrodnicza.pl\/en\/wp-json\/wp\/v2\/users\/1"}],"replies":[{"embeddable":true,"href":"https:\/\/blog.fotografiaprzyrodnicza.pl\/en\/wp-json\/wp\/v2\/comments?post=15133"}],"version-history":[{"count":9,"href":"https:\/\/blog.fotografiaprzyrodnicza.pl\/en\/wp-json\/wp\/v2\/pages\/15133\/revisions"}],"predecessor-version":[{"id":19538,"href":"https:\/\/blog.fotografiaprzyrodnicza.pl\/en\/wp-json\/wp\/v2\/pages\/15133\/revisions\/19538"}],"wp:featuredmedia":[{"embeddable":true,"href":"https:\/\/blog.fotografiaprzyrodnicza.pl\/en\/wp-json\/wp\/v2\/media\/13701"}],"wp:attachment":[{"href":"https:\/\/blog.fotografiaprzyrodnicza.pl\/en\/wp-json\/wp\/v2\/media?parent=15133"}],"curies":[{"name":"wp","href":"https:\/\/api.w.org\/{rel}","templated":true}]}}